{"id":2353,"date":"2019-03-21T10:43:22","date_gmt":"2019-03-21T10:43:22","guid":{"rendered":"https:\/\/ansoficial.com.ar\/?page_id=2353"},"modified":"2025-11-10T13:41:02","modified_gmt":"2025-11-10T13:41:02","slug":"documentacion-tecnica","status":"publish","type":"page","link":"https:\/\/ansoficial.com.ar\/index.php\/documentacion-tecnica\/","title":{"rendered":"Documentaci\u00f3n T\u00e9cnica"},"content":{"rendered":"<p>[vc_row][vc_column][vc_column_text]<\/p>\n<h2 class=\"text-center h-lg\">Info t\u00e9cnica <span class=\"color\">ANS motor<\/span><\/h2>\n<p>[\/vc_column_text][\/vc_column][\/vc_row][vc_row][vc_column width=&#8221;1\/3&#8243;][vc_single_image image=&#8221;2927&#8243; img_size=&#8221;full&#8221; onclick=&#8221;custom_link&#8221; img_link_target=&#8221;_blank&#8221; link=&#8221;https:\/\/ansoficial.com.ar\/wp-content\/uploads\/2025\/11\/ANS-MOTOR_CORREAS-CATALOGO-2025.pdf&#8221;][vc_column_text]Ya est\u00e1 disponible la \u00faltima edici\u00f3n de nuestro cat\u00e1logo <strong>ANS Corras; <\/strong>Poly V, Trapezoidales y Distribuci\u00f3n. Encontrar\u00e1s toda la l\u00ednea organizada por aplicaciones, equivalencias y especificaciones t\u00e9cnicas.<br \/>\nUna herramienta pensada para facilitar tu trabajo, con la calidad y confianza que ya conoc\u00e9s.[\/vc_column_text][vc_btn title=&#8221;Ver m\u00e1s&#8221; style=&#8221;flat&#8221; color=&#8221;danger&#8221; i_icon_fontawesome=&#8221;far fa-file-alt&#8221; add_icon=&#8221;true&#8221; link=&#8221;url:https%3A%2F%2Fansoficial.com.ar%2Fwp-content%2Fuploads%2F2025%2F11%2FANS-MOTOR_CORREAS-CATALOGO-2025.pdf||target:%20_blank|&#8221;][\/vc_column][vc_column width=&#8221;1\/3&#8243;][\/vc_column][vc_column width=&#8221;1\/3&#8243;][\/vc_column][\/vc_row][vc_row][vc_column][vc_column_text]<\/p>\n<h2 class=\"text-center h-lg\">Info t\u00e9cnica <span class=\"color\">ANS frenos<\/span><\/h2>\n<p>[\/vc_column_text][\/vc_column][\/vc_row][vc_row][vc_column width=&#8221;1\/3&#8243;][vc_single_image image=&#8221;2680&#8243; img_size=&#8221;full&#8221; onclick=&#8221;custom_link&#8221; img_link_target=&#8221;_blank&#8221; link=&#8221;https:\/\/ansoficial.com.ar\/wp-content\/uploads\/2025\/04\/Catalogo-Discos-de-freno-ANS-2025.pdf&#8221;][vc_column_text]Ya est\u00e1 disponible la \u00faltima edici\u00f3n de nuestro cat\u00e1logo <strong>ANS Discos de freno<\/strong>, donde encontrar\u00e1s toda la l\u00ednea organizada por aplicaciones, referencias y especificaciones t\u00e9cnicas.<br \/>\nUna herramienta pensada para facilitar tu trabajo, con la calidad y confianza que ya conoc\u00e9s.[\/vc_column_text][vc_btn title=&#8221;Ver m\u00e1s&#8221; style=&#8221;flat&#8221; color=&#8221;danger&#8221; i_icon_fontawesome=&#8221;far fa-file-alt&#8221; add_icon=&#8221;true&#8221; link=&#8221;url:https%3A%2F%2Fansoficial.com.ar%2Fwp-content%2Fuploads%2F2025%2F04%2FCatalogo-Discos-de-freno-ANS-2025.pdf||target:%20_blank|&#8221;][\/vc_column][vc_column width=&#8221;1\/3&#8243;][vc_single_image image=&#8221;2689&#8243; img_size=&#8221;275&#215;299&#8243;][vc_column_text]Compartimos las caracter\u00edsticas fundamentales que hacen de la l\u00ednea ans Frenos \u2013 Pastillas de Frenos, una marca de alta calidad y confiabilidad.[\/vc_column_text][vc_btn title=&#8221;Ver m\u00e1s&#8221; style=&#8221;flat&#8221; color=&#8221;danger&#8221; i_icon_fontawesome=&#8221;far fa-file-alt&#8221; add_icon=&#8221;true&#8221; link=&#8221;url:https%3A%2F%2Fansoficial.com.ar%2Fwp-content%2Fuploads%2F2025%2F04%2FAtributos-PASTILLAS-DE-FRENO.pdf||target:%20_blank|&#8221;][\/vc_column][vc_column width=&#8221;1\/3&#8243;][vc_single_image image=&#8221;2690&#8243; img_size=&#8221;275&#215;299&#8243;][vc_column_text]Si vas a realizar una intervenci\u00f3n en el sistema hidr\u00e1ulico de frenos \u2013 no dejes de revisar esta nota t\u00e9cnica que te ayudar\u00e1 con el correcto purgado de las piezas asegurando la eliminaci\u00f3n del aire almacenado.[\/vc_column_text][vc_btn title=&#8221;Ver m\u00e1s&#8221; style=&#8221;flat&#8221; color=&#8221;danger&#8221; i_icon_fontawesome=&#8221;far fa-file-alt&#8221; add_icon=&#8221;true&#8221; link=&#8221;url:https%3A%2F%2Fansoficial.com.ar%2Fwp-content%2Fuploads%2F2025%2F04%2FNotas-Tecnicas-PURGADO-DEL-CILINDRO_compressed.pdf||target:%20_blank|&#8221;][\/vc_column][\/vc_row][vc_row][vc_column width=&#8221;1\/3&#8243;][vc_single_image image=&#8221;2688&#8243; img_size=&#8221;full&#8221;][vc_column_text]Compartimos una nueva Nota T\u00e9cnica donde en 8 simples pasos lograr\u00e1s una buena colocaci\u00f3n de las pastillas de freno ANS.[\/vc_column_text][vc_btn title=&#8221;Ver m\u00e1s&#8221; style=&#8221;flat&#8221; color=&#8221;danger&#8221; i_icon_fontawesome=&#8221;far fa-file-alt&#8221; add_icon=&#8221;true&#8221; link=&#8221;url:https%3A%2F%2Fansoficial.com.ar%2Fwp-content%2Fuploads%2F2025%2F04%2FNotas-Tecnicas-CAMBIO-DE-PASTILLAS-DE-FRENO.pdf||target:%20_blank|&#8221;][vc_single_image image=&#8221;2687&#8243; img_size=&#8221;full&#8221;][vc_column_text]Compartimos las caracter\u00edsticas fundamentales que hacen de la l\u00ednea ans Frenos \u2013 Flexibles de Frenos, una marca con atributos de alta tecnolog\u00eda, calidad y seguridad.[\/vc_column_text][vc_btn title=&#8221;Ver m\u00e1s&#8221; style=&#8221;flat&#8221; color=&#8221;danger&#8221; i_icon_fontawesome=&#8221;far fa-file-alt&#8221; add_icon=&#8221;true&#8221; link=&#8221;url:https%3A%2F%2Fansoficial.com.ar%2Fwp-content%2Fuploads%2F2025%2F04%2FAtributos-FLEXIBLES-DE-FRENO.pdf||target:%20_blank|&#8221;][\/vc_column][vc_column width=&#8221;1\/3&#8243;][vc_single_image image=&#8221;2685&#8243; img_size=&#8221;full&#8221;][vc_column_text]Te acercamos una Nota T\u00e9cnica que detalla brevemente la importancia de la fricci\u00f3n en el sistema de freno y las caracter\u00edsticas confiables de las pastillas de frenos ANS.[\/vc_column_text][vc_btn title=&#8221;Ver m\u00e1s&#8221; style=&#8221;flat&#8221; color=&#8221;danger&#8221; i_icon_fontawesome=&#8221;far fa-file-alt&#8221; add_icon=&#8221;true&#8221; link=&#8221;url:https%3A%2F%2Fansoficial.com.ar%2Fwp-content%2Fuploads%2F2025%2F04%2FNotas-Tecnicas-COMPONENTES-PASTILLAS-DE-FRENO.pdf||target:%20_blank|&#8221;][\/vc_column][vc_column width=&#8221;1\/3&#8243;][vc_single_image image=&#8221;2686&#8243; img_size=&#8221;full&#8221;][vc_column_text]En esta Nota t\u00e9cnica te asesoramos con la mejor manera de reemplazar el l\u00edquido de frenos para evitar la formaci\u00f3n de burbujas y su contaminaci\u00f3n.[\/vc_column_text][vc_btn title=&#8221;Ver m\u00e1s&#8221; style=&#8221;flat&#8221; color=&#8221;danger&#8221; i_icon_fontawesome=&#8221;far fa-file-alt&#8221; add_icon=&#8221;true&#8221; link=&#8221;url:https%3A%2F%2Fansoficial.com.ar%2Fwp-content%2Fuploads%2F2025%2F04%2FConesjo-CAMBIO-LIQ-DE-FRENO.pdf||target:%20_blank|&#8221;][\/vc_column][\/vc_row][vc_row][vc_column][vc_column_text]<\/p>\n<h2 class=\"text-center h-lg\">Info t\u00e9cnica <span class=\"color\">ANS S&amp;D<\/span><\/h2>\n<p>[\/vc_column_text][\/vc_column][\/vc_row][vc_row][vc_column width=&#8221;1\/3&#8243;][vc_single_image image=&#8221;2371&#8243; img_size=&#8221;full&#8221;][vc_column_text]Compartimos las caracter\u00edsticas fundamentales que hacen a la l\u00ednea ans S&amp;D. Piezas de suspensi\u00f3n y direcci\u00f3n de alta tecnolog\u00eda, seguridad, confort, y durabilidad.[\/vc_column_text][vc_btn title=&#8221;Ver m\u00e1s&#8221; style=&#8221;flat&#8221; color=&#8221;danger&#8221; i_icon_fontawesome=&#8221;far fa-file-alt&#8221; add_icon=&#8221;true&#8221; link=&#8221;url:https%3A%2F%2Fansoficial.com.ar%2Fwp-content%2Fuploads%2F2019%2F03%2FAtributos-de-Calidad-SD-ANS.pdf||target:%20_blank|&#8221;][\/vc_column][vc_column width=&#8221;1\/3&#8243;][vc_single_image image=&#8221;2478&#8243; img_size=&#8221;full&#8221;][vc_column_text]Detallamos las causas m\u00e1s comunes del desgaste del Tren Delantero.[\/vc_column_text][vc_btn title=&#8221;Ver m\u00e1s&#8221; style=&#8221;flat&#8221; color=&#8221;danger&#8221; i_icon_fontawesome=&#8221;far fa-file-alt&#8221; add_icon=&#8221;true&#8221; link=&#8221;url:https%3A%2F%2Fansoficial.com.ar%2Fwp-content%2Fuploads%2F2019%2F05%2FNT-ANS-Desgaste-R%C3%B3tulas-Extremos-ANS.pdf||target:%20_blank|&#8221;][\/vc_column][vc_column width=&#8221;1\/3&#8243;][vc_single_image image=&#8221;2560&#8243; img_size=&#8221;full&#8221;][vc_column_text]Te presentamos las principales caracter\u00edsticas de los kit de fuelles ans s&amp;d. Podes encontrar kits de transmisi\u00f3n, suspensi\u00f3n y direcci\u00f3n.[\/vc_column_text][vc_btn title=&#8221;Ver m\u00e1s&#8221; style=&#8221;flat&#8221; color=&#8221;danger&#8221; i_icon_fontawesome=&#8221;far fa-file-alt&#8221; add_icon=&#8221;true&#8221; link=&#8221;url:https%3A%2F%2Fansoficial.com.ar%2Fwp-content%2Fuploads%2F2021%2F07%2FANS-SD-LANZAMIENTO-FUELLES.pdf||target:%20_blank|&#8221;][\/vc_column][\/vc_row][vc_row][vc_column][vc_column_text]<\/p>\n<h2 class=\"text-center h-lg\">Info t\u00e9cnica <span class=\"color\">ANS RODAMIENTOS<\/span><\/h2>\n<p>[\/vc_column_text][\/vc_column][\/vc_row][vc_row][vc_column width=&#8221;1\/3&#8243;][vc_single_image image=&#8221;2581&#8243; img_size=&#8221;full&#8221;][vc_column_text]ANS pone a su disposici\u00f3n una gama de rodamientos de calidad original para las principales marcas de veh\u00edculos del mercado argentino. Compartimos informaci\u00f3n \u00fatil del detalle de cada pieza.[\/vc_column_text][vc_btn title=&#8221;Ver m\u00e1s&#8221; style=&#8221;flat&#8221; color=&#8221;danger&#8221; i_icon_fontawesome=&#8221;far fa-file-alt&#8221; add_icon=&#8221;true&#8221; link=&#8221;url:https%3A%2F%2Fansoficial.com.ar%2Fwp-content%2Fuploads%2F2019%2F11%2FInfo-T%25C3%25A9cnica-ans-Rodamientos.pdf||target:%20_blank|&#8221;][\/vc_column][vc_column width=&#8221;1\/3&#8243;][\/vc_column][vc_column width=&#8221;1\/3&#8243;][\/vc_column][\/vc_row]<\/p>\n","protected":false},"excerpt":{"rendered":"<p>[vc_row][vc_column][vc_column_text] Info t\u00e9cnica ANS motor [\/vc_column_text][\/vc_column][\/vc_row][vc_row][vc_column width=&#8221;1\/3&#8243;][vc_single_image image=&#8221;2927&#8243; img_size=&#8221;full&#8221; onclick=&#8221;custom_link&#8221; img_link_target=&#8221;_blank&#8221; link=&#8221;https:\/\/ansoficial.com.ar\/wp-content\/uploads\/2025\/11\/ANS-MOTOR_CORREAS-CATALOGO-2025.pdf&#8221;][vc_column_text]Ya est\u00e1 disponible la \u00faltima edici\u00f3n de nuestro cat\u00e1logo ANS Corras; Poly V, Trapezoidales y Distribuci\u00f3n. Encontrar\u00e1s toda la l\u00ednea organizada por aplicaciones, equivalencias y especificaciones t\u00e9cnicas. Una herramienta pensada para facilitar tu trabajo, con la calidad y confianza que ya conoc\u00e9s.[\/vc_column_text][vc_btn title=&#8221;Ver m\u00e1s&#8221;&#8230;<\/p>\n","protected":false},"author":1,"featured_media":0,"parent":0,"menu_order":0,"comment_status":"closed","ping_status":"closed","template":"","meta":{"footnotes":""},"class_list":["post-2353","page","type-page","status-publish","hentry"],"_links":{"self":[{"href":"https:\/\/ansoficial.com.ar\/index.php\/wp-json\/wp\/v2\/pages\/2353","targetHints":{"allow":["GET"]}}],"collection":[{"href":"https:\/\/ansoficial.com.ar\/index.php\/wp-json\/wp\/v2\/pages"}],"about":[{"href":"https:\/\/ansoficial.com.ar\/index.php\/wp-json\/wp\/v2\/types\/page"}],"author":[{"embeddable":true,"href":"https:\/\/ansoficial.com.ar\/index.php\/wp-json\/wp\/v2\/users\/1"}],"replies":[{"embeddable":true,"href":"https:\/\/ansoficial.com.ar\/index.php\/wp-json\/wp\/v2\/comments?post=2353"}],"version-history":[{"count":41,"href":"https:\/\/ansoficial.com.ar\/index.php\/wp-json\/wp\/v2\/pages\/2353\/revisions"}],"predecessor-version":[{"id":2932,"href":"https:\/\/ansoficial.com.ar\/index.php\/wp-json\/wp\/v2\/pages\/2353\/revisions\/2932"}],"wp:attachment":[{"href":"https:\/\/ansoficial.com.ar\/index.php\/wp-json\/wp\/v2\/media?parent=2353"}],"curies":[{"name":"wp","href":"https:\/\/api.w.org\/{rel}","templated":true}]}}